
{"id":1608,"date":"2024-03-13T11:04:30","date_gmt":"2024-03-13T10:04:30","guid":{"rendered":"https:\/\/powtech.hemsida.eu\/cart\/"},"modified":"2024-03-14T09:11:19","modified_gmt":"2024-03-14T08:11:19","slug":"cart","status":"publish","type":"page","link":"https:\/\/powtech.se\/en\/cart\/","title":{"rendered":"Cart"},"content":{"rendered":"\n<div data-block-name=\"woocommerce\/cart\" class=\"wp-block-woocommerce-cart alignwide is-loading\">\n<div data-block-name=\"woocommerce\/filled-cart-block\" class=\"wp-block-woocommerce-filled-cart-block\">\n<div data-block-name=\"woocommerce\/cart-items-block\" class=\"wp-block-woocommerce-cart-items-block\">\n<div data-block-name=\"woocommerce\/cart-line-items-block\" class=\"wp-block-woocommerce-cart-line-items-block\"><\/div>\n\n\n\n<div data-block-name=\"woocommerce\/cart-cross-sells-block\" class=\"wp-block-woocommerce-cart-cross-sells-block\">\n<h2 class=\"wp-block-heading has-large-font-size\">Du kanske \u00e4r intresserad av \u2026<\/h2>\n\n\n\n<div data-block-name=\"woocommerce\/cart-cross-sells-products-block\" class=\"wp-block-woocommerce-cart-cross-sells-products-block\"><\/div>\n<\/div>\n<\/div>\n\n\n\n<div data-block-name=\"woocommerce\/cart-totals-block\" class=\"wp-block-woocommerce-cart-totals-block\">\n<div data-block-name=\"woocommerce\/cart-order-summary-block\" class=\"wp-block-woocommerce-cart-order-summary-block\">\n<div data-block-name=\"woocommerce\/cart-order-summary-heading-block\" class=\"wp-block-woocommerce-cart-order-summary-heading-block\"><\/div><div data-block-name=\"woocommerce\/cart-order-summary-coupon-form-block\" class=\"wp-block-woocommerce-cart-order-summary-coupon-form-block\"><\/div><div data-block-name=\"woocommerce\/cart-order-summary-totals-block\" class=\"wp-block-woocommerce-cart-order-summary-totals-block\">\n<div data-block-name=\"woocommerce\/cart-order-summary-subtotal-block\" class=\"wp-block-woocommerce-cart-order-summary-subtotal-block\"><\/div>\n<div data-block-name=\"woocommerce\/cart-order-summary-discount-block\" class=\"wp-block-woocommerce-cart-order-summary-discount-block\"><\/div>\n<div data-block-name=\"woocommerce\/cart-order-summary-fee-block\" class=\"wp-block-woocommerce-cart-order-summary-fee-block\"><\/div>\n<div data-block-name=\"woocommerce\/cart-order-summary-shipping-block\" class=\"wp-block-woocommerce-cart-order-summary-shipping-block\"><\/div>\n<div data-block-name=\"woocommerce\/cart-order-summary-taxes-block\" class=\"wp-block-woocommerce-cart-order-summary-taxes-block\"><\/div><\/div>\n<\/div>\n\n\n\n<div data-block-name=\"woocommerce\/cart-express-payment-block\" class=\"wp-block-woocommerce-cart-express-payment-block\"><\/div>\n\n\n\n<div data-block-name=\"woocommerce\/proceed-to-checkout-block\" class=\"wp-block-woocommerce-proceed-to-checkout-block\"><\/div>\n\n\n\n<div data-block-name=\"woocommerce\/cart-accepted-payment-methods-block\" class=\"wp-block-woocommerce-cart-accepted-payment-methods-block\"><\/div>\n<\/div>\n<\/div>\n\n\n\n<div data-block-name=\"woocommerce\/empty-cart-block\" class=\"wp-block-woocommerce-empty-cart-block\">\n<h2 class=\"wp-block-heading has-text-align-center with-empty-cart-icon wc-block-cart__empty-cart__title\">Din varukorg \u00e4r f\u00f6r n\u00e4rvarande tom!<\/h2>\n\n\n\n<hr class=\"wp-block-separator has-alpha-channel-opacity is-style-dots\"\/>\n\n\n\n<h2 class=\"wp-block-heading has-text-align-center\">Nytt i butik<\/h2>\n\n\n<div data-block-name=\"woocommerce\/product-new\" data-columns=\"4\" data-rows=\"1\" class=\"wc-block-grid wp-block-product-new wp-block-woocommerce-product-new wc-block-product-new has-4-columns\"><ul class=\"wc-block-grid__products\"><li class=\"wc-block-grid__product\">\n\t\t\t\t<a href=\"https:\/\/powtech.se\/en\/produkt\/drop-through-rotary-valve-type-rs-ex\/\" class=\"wc-block-grid__product-link\">\n\t\t\t\t\t\n\t\t\t\t\t<div class=\"wc-block-grid__product-image\"><img loading=\"lazy\" decoding=\"async\" width=\"260\" height=\"184\" src=\"https:\/\/powtech.se\/wp-content\/uploads\/2024\/02\/564266-ex.png\" class=\"attachment-woocommerce_thumbnail size-woocommerce_thumbnail\" alt=\"Drop through rotary valve type RS\/EX\" srcset=\"https:\/\/powtech.se\/wp-content\/uploads\/2024\/02\/564266-ex.png 260w, https:\/\/powtech.se\/wp-content\/uploads\/2024\/02\/564266-ex-64x45.png 64w\" sizes=\"auto, (max-width: 260px) 100vw, 260px\" \/><\/div>\n\t\t\t\t\t<div class=\"wc-block-grid__product-title\">Drop through rotary valve type RS\/EX<\/div>\n\t\t\t\t<\/a>\n\t\t\t\t<div class=\"wc-block-grid__product-price price\"><\/div>\n\t\t\t\t\n\t\t\t\t<div class=\"wp-block-button wc-block-grid__product-add-to-cart\"><a href=\"https:\/\/powtech.se\/en\/produkt\/drop-through-rotary-valve-type-rs-ex\/\" aria-label=\"Read more about &ldquo;Drop through rotary valve type RS\/EX&rdquo;\" data-quantity=\"1\" data-product_id=\"2063\" data-product_sku=\"ff7880df-90df-457b-b820-a8b434c25c6b\" data-price=\"0\" rel=\"nofollow\" class=\"wp-block-button__link  add_to_cart_button\">Read more<\/a><\/div>\n\t\t\t<\/li><li class=\"wc-block-grid__product\">\n\t\t\t\t<a href=\"https:\/\/powtech.se\/en\/produkt\/vibrating-conveyor-for-heavy-industries-type-nfh\/\" class=\"wc-block-grid__product-link\">\n\t\t\t\t\t\n\t\t\t\t\t<div class=\"wc-block-grid__product-image\"><img loading=\"lazy\" decoding=\"async\" width=\"300\" height=\"95\" src=\"https:\/\/powtech.se\/wp-content\/uploads\/2024\/02\/1-105313-2-300x95.png\" class=\"attachment-woocommerce_thumbnail size-woocommerce_thumbnail\" alt=\"Vibrating conveyor for heavy industries type NFH\" srcset=\"https:\/\/powtech.se\/wp-content\/uploads\/2024\/02\/1-105313-2-300x95.png 300w, https:\/\/powtech.se\/wp-content\/uploads\/2024\/02\/1-105313-2-600x189.png 600w, https:\/\/powtech.se\/wp-content\/uploads\/2024\/02\/1-105313-2-64x20.png 64w, https:\/\/powtech.se\/wp-content\/uploads\/2024\/02\/1-105313-2-1024x323.png 1024w, https:\/\/powtech.se\/wp-content\/uploads\/2024\/02\/1-105313-2-768x242.png 768w, https:\/\/powtech.se\/wp-content\/uploads\/2024\/02\/1-105313-2.png 1331w\" sizes=\"auto, (max-width: 300px) 100vw, 300px\" \/><\/div>\n\t\t\t\t\t<div class=\"wc-block-grid__product-title\">Vibrating conveyor for heavy industries type NFH<\/div>\n\t\t\t\t<\/a>\n\t\t\t\t<div class=\"wc-block-grid__product-price price\"><\/div>\n\t\t\t\t\n\t\t\t\t<div class=\"wp-block-button wc-block-grid__product-add-to-cart\"><a href=\"https:\/\/powtech.se\/en\/produkt\/vibrating-conveyor-for-heavy-industries-type-nfh\/\" aria-label=\"Read more about &ldquo;Vibrating conveyor for heavy industries type NFH&rdquo;\" data-quantity=\"1\" data-product_id=\"2062\" data-product_sku=\"fdf1271b-1067-4e88-b21c-af6246e88861\" data-price=\"0\" rel=\"nofollow\" class=\"wp-block-button__link  add_to_cart_button\">Read more<\/a><\/div>\n\t\t\t<\/li><li class=\"wc-block-grid__product\">\n\t\t\t\t<a href=\"https:\/\/powtech.se\/en\/produkt\/lumpbreaker\/\" class=\"wc-block-grid__product-link\">\n\t\t\t\t\t\n\t\t\t\t\t<div class=\"wc-block-grid__product-image\"><img loading=\"lazy\" decoding=\"async\" width=\"286\" height=\"265\" src=\"https:\/\/powtech.se\/wp-content\/uploads\/2024\/02\/713523-pinnvals-dlp.png\" class=\"attachment-woocommerce_thumbnail size-woocommerce_thumbnail\" alt=\"Lumpbreaker\" srcset=\"https:\/\/powtech.se\/wp-content\/uploads\/2024\/02\/713523-pinnvals-dlp.png 286w, https:\/\/powtech.se\/wp-content\/uploads\/2024\/02\/713523-pinnvals-dlp-64x59.png 64w\" sizes=\"auto, (max-width: 286px) 100vw, 286px\" \/><\/div>\n\t\t\t\t\t<div class=\"wc-block-grid__product-title\">Lumpbreaker<\/div>\n\t\t\t\t<\/a>\n\t\t\t\t<div class=\"wc-block-grid__product-price price\"><\/div>\n\t\t\t\t\n\t\t\t\t<div class=\"wp-block-button wc-block-grid__product-add-to-cart\"><a href=\"https:\/\/powtech.se\/en\/produkt\/lumpbreaker\/\" aria-label=\"Read more about &ldquo;Lumpbreaker&rdquo;\" data-quantity=\"1\" data-product_id=\"2061\" data-product_sku=\"fda8bb3b-072d-4f18-b8a2-d2339effca53\" data-price=\"0\" rel=\"nofollow\" class=\"wp-block-button__link  add_to_cart_button\">Read more<\/a><\/div>\n\t\t\t<\/li><li class=\"wc-block-grid__product\">\n\t\t\t\t<a href=\"https:\/\/powtech.se\/en\/produkt\/ring-seals-for-push-in-pipes\/\" class=\"wc-block-grid__product-link\">\n\t\t\t\t\t\n\t\t\t\t\t<div class=\"wc-block-grid__product-image\"><img loading=\"lazy\" decoding=\"async\" width=\"300\" height=\"228\" src=\"https:\/\/powtech.se\/wp-content\/uploads\/2024\/02\/3020b1_1_1_2_1-300x228.png\" class=\"attachment-woocommerce_thumbnail size-woocommerce_thumbnail\" alt=\"Ring seals for push in pipes\" srcset=\"https:\/\/powtech.se\/wp-content\/uploads\/2024\/02\/3020b1_1_1_2_1-300x228.png 300w, https:\/\/powtech.se\/wp-content\/uploads\/2024\/02\/3020b1_1_1_2_1-600x456.png 600w, https:\/\/powtech.se\/wp-content\/uploads\/2024\/02\/3020b1_1_1_2_1-64x49.png 64w, https:\/\/powtech.se\/wp-content\/uploads\/2024\/02\/3020b1_1_1_2_1.png 677w\" sizes=\"auto, (max-width: 300px) 100vw, 300px\" \/><\/div>\n\t\t\t\t\t<div class=\"wc-block-grid__product-title\">Ring seals for push in pipes<\/div>\n\t\t\t\t<\/a>\n\t\t\t\t<div class=\"wc-block-grid__product-price price\"><\/div>\n\t\t\t\t\n\t\t\t\t<div class=\"wp-block-button wc-block-grid__product-add-to-cart\"><a href=\"https:\/\/powtech.se\/en\/produkt\/ring-seals-for-push-in-pipes\/\" aria-label=\"Read more about &ldquo;Ring seals for push in pipes&rdquo;\" data-quantity=\"1\" data-product_id=\"2060\" data-product_sku=\"fc27f39d-d84a-4556-8e6f-78de72cf64e8\" data-price=\"0\" rel=\"nofollow\" class=\"wp-block-button__link  add_to_cart_button\">Read more<\/a><\/div>\n\t\t\t<\/li><\/ul><\/div><\/div>\n<\/div>\n","protected":false},"excerpt":{"rendered":"","protected":false},"author":1,"featured_media":0,"parent":0,"menu_order":0,"comment_status":"closed","ping_status":"closed","template":"","meta":{"_acf_changed":false,"inline_featured_image":false,"_monsterinsights_skip_tracking":false,"_monsterinsights_sitenote_active":false,"_monsterinsights_sitenote_note":"","_monsterinsights_sitenote_category":0,"footnotes":""},"class_list":["post-1608","page","type-page","status-publish","hentry"],"acf":[],"yoast_head":"<!-- This site is optimized with the Yoast SEO plugin v26.2 - https:\/\/yoast.com\/wordpress\/plugins\/seo\/ -->\n<title>Cart - Powtech<\/title>\n<meta name=\"robots\" content=\"index, follow, max-snippet:-1, max-image-preview:large, max-video-preview:-1\" \/>\n<link rel=\"canonical\" href=\"https:\/\/powtech.se\/en\/cart\/\" \/>\n<meta property=\"og:locale\" content=\"en_US\" \/>\n<meta property=\"og:type\" content=\"article\" \/>\n<meta property=\"og:title\" content=\"Cart - Powtech\" \/>\n<meta property=\"og:url\" content=\"https:\/\/powtech.se\/en\/cart\/\" \/>\n<meta property=\"og:site_name\" content=\"Powtech\" \/>\n<meta property=\"article:modified_time\" content=\"2024-03-14T08:11:19+00:00\" \/>\n<meta name=\"twitter:card\" content=\"summary_large_image\" \/>\n<script type=\"application\/ld+json\" class=\"yoast-schema-graph\">{\"@context\":\"https:\/\/schema.org\",\"@graph\":[{\"@type\":\"WebPage\",\"@id\":\"https:\/\/powtech.se\/en\/cart\/\",\"url\":\"https:\/\/powtech.se\/en\/cart\/\",\"name\":\"Cart - Powtech\",\"isPartOf\":{\"@id\":\"https:\/\/powtech.se\/en\/#website\"},\"datePublished\":\"2024-03-13T10:04:30+00:00\",\"dateModified\":\"2024-03-14T08:11:19+00:00\",\"breadcrumb\":{\"@id\":\"https:\/\/powtech.se\/en\/cart\/#breadcrumb\"},\"inLanguage\":\"en-US\",\"potentialAction\":[{\"@type\":\"ReadAction\",\"target\":[\"https:\/\/powtech.se\/en\/cart\/\"]}]},{\"@type\":\"BreadcrumbList\",\"@id\":\"https:\/\/powtech.se\/en\/cart\/#breadcrumb\",\"itemListElement\":[{\"@type\":\"ListItem\",\"position\":1,\"name\":\"Home\",\"item\":\"https:\/\/powtech.se\/en\/\"},{\"@type\":\"ListItem\",\"position\":2,\"name\":\"Cart\"}]},{\"@type\":\"WebSite\",\"@id\":\"https:\/\/powtech.se\/en\/#website\",\"url\":\"https:\/\/powtech.se\/en\/\",\"name\":\"Powtech\",\"description\":\"Utrustning f\u00f6r Pulverhantering och Pulverteknik\",\"publisher\":{\"@id\":\"https:\/\/powtech.se\/en\/#organization\"},\"potentialAction\":[{\"@type\":\"SearchAction\",\"target\":{\"@type\":\"EntryPoint\",\"urlTemplate\":\"https:\/\/powtech.se\/en\/?s={search_term_string}\"},\"query-input\":{\"@type\":\"PropertyValueSpecification\",\"valueRequired\":true,\"valueName\":\"search_term_string\"}}],\"inLanguage\":\"en-US\"},{\"@type\":\"Organization\",\"@id\":\"https:\/\/powtech.se\/en\/#organization\",\"name\":\"Powtech\",\"url\":\"https:\/\/powtech.se\/en\/\",\"logo\":{\"@type\":\"ImageObject\",\"inLanguage\":\"en-US\",\"@id\":\"https:\/\/powtech.se\/en\/#\/schema\/logo\/image\/\",\"url\":\"https:\/\/powtech.se\/wp-content\/uploads\/2024\/03\/powtech-logotype.svg\",\"contentUrl\":\"https:\/\/powtech.se\/wp-content\/uploads\/2024\/03\/powtech-logotype.svg\",\"width\":\"1024\",\"height\":\"1024\",\"caption\":\"Powtech\"},\"image\":{\"@id\":\"https:\/\/powtech.se\/en\/#\/schema\/logo\/image\/\"}}]}<\/script>\n<!-- \/ Yoast SEO plugin. -->","yoast_head_json":{"title":"Cart - Powtech","robots":{"index":"index","follow":"follow","max-snippet":"max-snippet:-1","max-image-preview":"max-image-preview:large","max-video-preview":"max-video-preview:-1"},"canonical":"https:\/\/powtech.se\/en\/cart\/","og_locale":"en_US","og_type":"article","og_title":"Cart - Powtech","og_url":"https:\/\/powtech.se\/en\/cart\/","og_site_name":"Powtech","article_modified_time":"2024-03-14T08:11:19+00:00","twitter_card":"summary_large_image","schema":{"@context":"https:\/\/schema.org","@graph":[{"@type":"WebPage","@id":"https:\/\/powtech.se\/en\/cart\/","url":"https:\/\/powtech.se\/en\/cart\/","name":"Cart - Powtech","isPartOf":{"@id":"https:\/\/powtech.se\/en\/#website"},"datePublished":"2024-03-13T10:04:30+00:00","dateModified":"2024-03-14T08:11:19+00:00","breadcrumb":{"@id":"https:\/\/powtech.se\/en\/cart\/#breadcrumb"},"inLanguage":"en-US","potentialAction":[{"@type":"ReadAction","target":["https:\/\/powtech.se\/en\/cart\/"]}]},{"@type":"BreadcrumbList","@id":"https:\/\/powtech.se\/en\/cart\/#breadcrumb","itemListElement":[{"@type":"ListItem","position":1,"name":"Home","item":"https:\/\/powtech.se\/en\/"},{"@type":"ListItem","position":2,"name":"Cart"}]},{"@type":"WebSite","@id":"https:\/\/powtech.se\/en\/#website","url":"https:\/\/powtech.se\/en\/","name":"Powtech","description":"Utrustning f\u00f6r Pulverhantering och Pulverteknik","publisher":{"@id":"https:\/\/powtech.se\/en\/#organization"},"potentialAction":[{"@type":"SearchAction","target":{"@type":"EntryPoint","urlTemplate":"https:\/\/powtech.se\/en\/?s={search_term_string}"},"query-input":{"@type":"PropertyValueSpecification","valueRequired":true,"valueName":"search_term_string"}}],"inLanguage":"en-US"},{"@type":"Organization","@id":"https:\/\/powtech.se\/en\/#organization","name":"Powtech","url":"https:\/\/powtech.se\/en\/","logo":{"@type":"ImageObject","inLanguage":"en-US","@id":"https:\/\/powtech.se\/en\/#\/schema\/logo\/image\/","url":"https:\/\/powtech.se\/wp-content\/uploads\/2024\/03\/powtech-logotype.svg","contentUrl":"https:\/\/powtech.se\/wp-content\/uploads\/2024\/03\/powtech-logotype.svg","width":"1024","height":"1024","caption":"Powtech"},"image":{"@id":"https:\/\/powtech.se\/en\/#\/schema\/logo\/image\/"}}]}},"_links":{"self":[{"href":"https:\/\/powtech.se\/en\/wp-json\/wp\/v2\/pages\/1608","targetHints":{"allow":["GET"]}}],"collection":[{"href":"https:\/\/powtech.se\/en\/wp-json\/wp\/v2\/pages"}],"about":[{"href":"https:\/\/powtech.se\/en\/wp-json\/wp\/v2\/types\/page"}],"author":[{"embeddable":true,"href":"https:\/\/powtech.se\/en\/wp-json\/wp\/v2\/users\/1"}],"replies":[{"embeddable":true,"href":"https:\/\/powtech.se\/en\/wp-json\/wp\/v2\/comments?post=1608"}],"version-history":[{"count":0,"href":"https:\/\/powtech.se\/en\/wp-json\/wp\/v2\/pages\/1608\/revisions"}],"wp:attachment":[{"href":"https:\/\/powtech.se\/en\/wp-json\/wp\/v2\/media?parent=1608"}],"curies":[{"name":"wp","href":"https:\/\/api.w.org\/{rel}","templated":true}]}}